{"id":119,"date":"2024-07-06T17:31:26","date_gmt":"2024-07-06T17:31:26","guid":{"rendered":"https:\/\/grimma-ac.org\/index.php\/pagina-de-inicio\/"},"modified":"2025-03-10T22:03:35","modified_gmt":"2025-03-10T22:03:35","slug":"pagina-de-inicio","status":"publish","type":"page","link":"https:\/\/grimma-ac.org\/","title":{"rendered":"Inicio"},"content":{"rendered":"\t\t<div data-elementor-type=\"wp-page\" data-elementor-id=\"119\" class=\"elementor elementor-119\">\n\t\t\t\t<div class=\"elementor-element elementor-element-2ba4774 e-flex e-con-boxed e-con e-parent\" data-id=\"2ba4774\" data-element_type=\"container\" data-e-type=\"container\">\n\t\t\t\t\t<div class=\"e-con-inner\">\n\t\t<div class=\"elementor-element elementor-element-ff83cec e-con-full e-flex e-con e-child\" data-id=\"ff83cec\" data-element_type=\"container\" data-e-type=\"container\">\n\t\t\t\t<div class=\"elementor-element elementor-element-bebcdc0 elementor-widget elementor-widget-video\" data-id=\"bebcdc0\" data-element_type=\"widget\" data-e-type=\"widget\" data-settings=\"{&quot;video_type&quot;:&quot;hosted&quot;,&quot;autoplay&quot;:&quot;yes&quot;,&quot;mute&quot;:&quot;yes&quot;,&quot;controls&quot;:&quot;yes&quot;}\" data-widget_type=\"video.default\">\n\t\t\t\t<div class=\"elementor-widget-container\">\n\t\t\t\t\t\t\t<div class=\"e-hosted-video elementor-wrapper elementor-open-inline\">\n\t\t\t\t\t<video class=\"elementor-video\" src=\"https:\/\/grimma-ac.org\/wp-content\/uploads\/2025\/02\/dji-0162_3wj5zPcT.mp4\" autoplay=\"\" controls=\"\" muted=\"muted\" controlsList=\"nodownload\"><\/video>\n\t\t\t\t<\/div>\n\t\t\t\t\t\t<\/div>\n\t\t\t\t<\/div>\n\t\t\t\t<\/div>\n\t\t<div class=\"elementor-element elementor-element-a9176ef e-con-full e-flex e-con e-child\" data-id=\"a9176ef\" data-element_type=\"container\" data-e-type=\"container\">\n\t\t<div class=\"elementor-element elementor-element-b921bbd e-con-full e-flex e-con e-child\" data-id=\"b921bbd\" data-element_type=\"container\" data-e-type=\"container\">\n\t\t\t\t<div class=\"elementor-element elementor-element-ccfab17 elementor-widget elementor-widget-heading\" data-id=\"ccfab17\" data-element_type=\"widget\" data-e-type=\"widget\" data-widget_type=\"heading.default\">\n\t\t\t\t<div class=\"elementor-widget-container\">\n\t\t\t\t\t<h2 class=\"elementor-heading-title elementor-size-default\">Explorando la vida oculta bajo el oc\u00e9ano<\/h2>\t\t\t\t<\/div>\n\t\t\t\t<\/div>\n\t\t\t\t<div class=\"elementor-element elementor-element-c4a911a elementor-widget elementor-widget-text-editor\" data-id=\"c4a911a\" data-element_type=\"widget\" data-e-type=\"widget\" data-widget_type=\"text-editor.default\">\n\t\t\t\t<div class=\"elementor-widget-container\">\n\t\t\t\t\t\t\t\t\t<p>Bajo la inmensidad azul del oc\u00e9ano, existe un mundo vibrante y desconocido que a\u00fan guarda innumerables secretos. Nuestro grupo de bi\u00f3logos marinos se dedica a explorar y estudiar esos ecosistemas submarinos, revelando la belleza y complejidad de la vida marina para promover su conservaci\u00f3n y comprensi\u00f3n.<\/p>\t\t\t\t\t\t\t\t<\/div>\n\t\t\t\t<\/div>\n\t\t\t\t<\/div>\n\t\t<div class=\"elementor-element elementor-element-cc6fe3b e-con-full e-flex e-con e-child\" data-id=\"cc6fe3b\" data-element_type=\"container\" data-e-type=\"container\">\n\t\t\t\t<div class=\"elementor-element elementor-element-80e26cb elementor-button-info elementor-widget elementor-widget-button\" data-id=\"80e26cb\" data-element_type=\"widget\" data-e-type=\"widget\" data-widget_type=\"button.default\">\n\t\t\t\t<div class=\"elementor-widget-container\">\n\t\t\t\t\t\t\t\t\t<div class=\"elementor-button-wrapper\">\n\t\t\t\t\t<a class=\"elementor-button elementor-button-link elementor-size-sm\" href=\"https:\/\/grimma-ac.org\/index.php\/donations\/donar\/\">\n\t\t\t\t\t\t<span class=\"elementor-button-content-wrapper\">\n\t\t\t\t\t\t\t\t\t<span class=\"elementor-button-text\">Donar ahora<\/span>\n\t\t\t\t\t<\/span>\n\t\t\t\t\t<\/a>\n\t\t\t\t<\/div>\n\t\t\t\t\t\t\t\t<\/div>\n\t\t\t\t<\/div>\n\t\t\t\t<div class=\"elementor-element elementor-element-7d4db8b elementor-button-info elementor-widget elementor-widget-button\" data-id=\"7d4db8b\" data-element_type=\"widget\" data-e-type=\"widget\" data-widget_type=\"button.default\">\n\t\t\t\t<div class=\"elementor-widget-container\">\n\t\t\t\t\t\t\t\t\t<div class=\"elementor-button-wrapper\">\n\t\t\t\t\t<a class=\"elementor-button elementor-button-link elementor-size-sm\" href=\"https:\/\/grimma-ac.org\/index.php\/donations\/donar\/\">\n\t\t\t\t\t\t<span class=\"elementor-button-content-wrapper\">\n\t\t\t\t\t\t\t\t\t<span class=\"elementor-button-text\">Conocer m\u00e1s<\/span>\n\t\t\t\t\t<\/span>\n\t\t\t\t\t<\/a>\n\t\t\t\t<\/div>\n\t\t\t\t\t\t\t\t<\/div>\n\t\t\t\t<\/div>\n\t\t\t\t<\/div>\n\t\t\t\t<\/div>\n\t\t\t\t\t<\/div>\n\t\t\t\t<\/div>\n\t\t\t\t<\/div>\n\t\t","protected":false},"excerpt":{"rendered":"<p>https:\/\/grimma-ac.org\/wp-content\/uploads\/2025\/02\/dji-0162_3wj5zPcT.mp4 Explorando la vida oculta bajo el oc\u00e9ano Bajo la inmensidad azul del oc\u00e9ano, existe un mundo vibrante y desconocido que a\u00fan guarda innumerables secretos. Nuestro grupo de bi\u00f3logos marinos se dedica a explorar y estudiar esos ecosistemas submarinos, revelando la belleza y complejidad de la vida marina para promover su conservaci\u00f3n y comprensi\u00f3n. Donar &hellip; <\/p>\n<p class=\"link-more\"><a href=\"https:\/\/grimma-ac.org\/\" class=\"more-link\">Leer m\u00e1s<span class=\"screen-reader-text\"> \u00abInicio\u00bb<\/span><\/a><\/p>\n","protected":false},"author":1,"featured_media":0,"parent":0,"menu_order":0,"comment_status":"closed","ping_status":"closed","template":"","meta":{"footnotes":""},"class_list":["post-119","page","type-page","status-publish","hentry"],"yoast_head":"<!-- This site is optimized with the Yoast SEO plugin v27.4 - https:\/\/yoast.com\/product\/yoast-seo-wordpress\/ -->\n<title>Inicio - Grimma A. C.<\/title>\n<meta name=\"robots\" content=\"index, follow, max-snippet:-1, max-image-preview:large, max-video-preview:-1\" \/>\n<link rel=\"canonical\" href=\"https:\/\/grimma-ac.org\/\" \/>\n<meta property=\"og:locale\" content=\"es_ES\" \/>\n<meta property=\"og:type\" content=\"article\" \/>\n<meta property=\"og:title\" content=\"Inicio - Grimma A. C.\" \/>\n<meta property=\"og:description\" content=\"https:\/\/grimma-ac.org\/wp-content\/uploads\/2025\/02\/dji-0162_3wj5zPcT.mp4 Explorando la vida oculta bajo el oc\u00e9ano Bajo la inmensidad azul del oc\u00e9ano, existe un mundo vibrante y desconocido que a\u00fan guarda innumerables secretos. Nuestro grupo de bi\u00f3logos marinos se dedica a explorar y estudiar esos ecosistemas submarinos, revelando la belleza y complejidad de la vida marina para promover su conservaci\u00f3n y comprensi\u00f3n. Donar &hellip; Leer m\u00e1s \u00abInicio\u00bb\" \/>\n<meta property=\"og:url\" content=\"https:\/\/grimma-ac.org\/\" \/>\n<meta property=\"og:site_name\" content=\"Grimma A. C.\" \/>\n<meta property=\"article:modified_time\" content=\"2025-03-10T22:03:35+00:00\" \/>\n<meta name=\"twitter:card\" content=\"summary_large_image\" \/>\n<meta name=\"twitter:label1\" content=\"Tiempo de lectura\" \/>\n\t<meta name=\"twitter:data1\" content=\"1 minuto\" \/>\n<script type=\"application\/ld+json\" class=\"yoast-schema-graph\">{\"@context\":\"https:\\\/\\\/schema.org\",\"@graph\":[{\"@type\":\"WebPage\",\"@id\":\"https:\\\/\\\/grimma-ac.org\\\/\",\"url\":\"https:\\\/\\\/grimma-ac.org\\\/\",\"name\":\"Inicio - Grimma A. C.\",\"isPartOf\":{\"@id\":\"https:\\\/\\\/grimma-ac.org\\\/#website\"},\"datePublished\":\"2024-07-06T17:31:26+00:00\",\"dateModified\":\"2025-03-10T22:03:35+00:00\",\"breadcrumb\":{\"@id\":\"https:\\\/\\\/grimma-ac.org\\\/#breadcrumb\"},\"inLanguage\":\"es\",\"potentialAction\":[{\"@type\":\"ReadAction\",\"target\":[\"https:\\\/\\\/grimma-ac.org\\\/\"]}]},{\"@type\":\"BreadcrumbList\",\"@id\":\"https:\\\/\\\/grimma-ac.org\\\/#breadcrumb\",\"itemListElement\":[{\"@type\":\"ListItem\",\"position\":1,\"name\":\"Portada\",\"item\":\"https:\\\/\\\/grimma-ac.org\\\/\"},{\"@type\":\"ListItem\",\"position\":2,\"name\":\"Inicio\"}]},{\"@type\":\"WebSite\",\"@id\":\"https:\\\/\\\/grimma-ac.org\\\/#website\",\"url\":\"https:\\\/\\\/grimma-ac.org\\\/\",\"name\":\"Grimma A. C.\",\"description\":\"Grupo de Investigaci\u00f3n de Mam\u00edferos Marinos A. C.\",\"publisher\":{\"@id\":\"https:\\\/\\\/grimma-ac.org\\\/#organization\"},\"potentialAction\":[{\"@type\":\"SearchAction\",\"target\":{\"@type\":\"EntryPoint\",\"urlTemplate\":\"https:\\\/\\\/grimma-ac.org\\\/?s={search_term_string}\"},\"query-input\":{\"@type\":\"PropertyValueSpecification\",\"valueRequired\":true,\"valueName\":\"search_term_string\"}}],\"inLanguage\":\"es\"},{\"@type\":\"Organization\",\"@id\":\"https:\\\/\\\/grimma-ac.org\\\/#organization\",\"name\":\"Grimma A. C.\",\"url\":\"https:\\\/\\\/grimma-ac.org\\\/\",\"logo\":{\"@type\":\"ImageObject\",\"inLanguage\":\"es\",\"@id\":\"https:\\\/\\\/grimma-ac.org\\\/#\\\/schema\\\/logo\\\/image\\\/\",\"url\":\"https:\\\/\\\/grimma-ac.org\\\/wp-content\\\/uploads\\\/2025\\\/05\\\/Artboard-3-copy-3.png\",\"contentUrl\":\"https:\\\/\\\/grimma-ac.org\\\/wp-content\\\/uploads\\\/2025\\\/05\\\/Artboard-3-copy-3.png\",\"width\":1501,\"height\":1505,\"caption\":\"Grimma A. C.\"},\"image\":{\"@id\":\"https:\\\/\\\/grimma-ac.org\\\/#\\\/schema\\\/logo\\\/image\\\/\"}}]}<\/script>\n<!-- \/ Yoast SEO plugin. -->","yoast_head_json":{"title":"Inicio - Grimma A. C.","robots":{"index":"index","follow":"follow","max-snippet":"max-snippet:-1","max-image-preview":"max-image-preview:large","max-video-preview":"max-video-preview:-1"},"canonical":"https:\/\/grimma-ac.org\/","og_locale":"es_ES","og_type":"article","og_title":"Inicio - Grimma A. C.","og_description":"https:\/\/grimma-ac.org\/wp-content\/uploads\/2025\/02\/dji-0162_3wj5zPcT.mp4 Explorando la vida oculta bajo el oc\u00e9ano Bajo la inmensidad azul del oc\u00e9ano, existe un mundo vibrante y desconocido que a\u00fan guarda innumerables secretos. Nuestro grupo de bi\u00f3logos marinos se dedica a explorar y estudiar esos ecosistemas submarinos, revelando la belleza y complejidad de la vida marina para promover su conservaci\u00f3n y comprensi\u00f3n. Donar &hellip; Leer m\u00e1s \u00abInicio\u00bb","og_url":"https:\/\/grimma-ac.org\/","og_site_name":"Grimma A. C.","article_modified_time":"2025-03-10T22:03:35+00:00","twitter_card":"summary_large_image","twitter_misc":{"Tiempo de lectura":"1 minuto"},"schema":{"@context":"https:\/\/schema.org","@graph":[{"@type":"WebPage","@id":"https:\/\/grimma-ac.org\/","url":"https:\/\/grimma-ac.org\/","name":"Inicio - Grimma A. C.","isPartOf":{"@id":"https:\/\/grimma-ac.org\/#website"},"datePublished":"2024-07-06T17:31:26+00:00","dateModified":"2025-03-10T22:03:35+00:00","breadcrumb":{"@id":"https:\/\/grimma-ac.org\/#breadcrumb"},"inLanguage":"es","potentialAction":[{"@type":"ReadAction","target":["https:\/\/grimma-ac.org\/"]}]},{"@type":"BreadcrumbList","@id":"https:\/\/grimma-ac.org\/#breadcrumb","itemListElement":[{"@type":"ListItem","position":1,"name":"Portada","item":"https:\/\/grimma-ac.org\/"},{"@type":"ListItem","position":2,"name":"Inicio"}]},{"@type":"WebSite","@id":"https:\/\/grimma-ac.org\/#website","url":"https:\/\/grimma-ac.org\/","name":"Grimma A. C.","description":"Grupo de Investigaci\u00f3n de Mam\u00edferos Marinos A. C.","publisher":{"@id":"https:\/\/grimma-ac.org\/#organization"},"potentialAction":[{"@type":"SearchAction","target":{"@type":"EntryPoint","urlTemplate":"https:\/\/grimma-ac.org\/?s={search_term_string}"},"query-input":{"@type":"PropertyValueSpecification","valueRequired":true,"valueName":"search_term_string"}}],"inLanguage":"es"},{"@type":"Organization","@id":"https:\/\/grimma-ac.org\/#organization","name":"Grimma A. C.","url":"https:\/\/grimma-ac.org\/","logo":{"@type":"ImageObject","inLanguage":"es","@id":"https:\/\/grimma-ac.org\/#\/schema\/logo\/image\/","url":"https:\/\/grimma-ac.org\/wp-content\/uploads\/2025\/05\/Artboard-3-copy-3.png","contentUrl":"https:\/\/grimma-ac.org\/wp-content\/uploads\/2025\/05\/Artboard-3-copy-3.png","width":1501,"height":1505,"caption":"Grimma A. C."},"image":{"@id":"https:\/\/grimma-ac.org\/#\/schema\/logo\/image\/"}}]}},"_links":{"self":[{"href":"https:\/\/grimma-ac.org\/index.php\/wp-json\/wp\/v2\/pages\/119","targetHints":{"allow":["GET"]}}],"collection":[{"href":"https:\/\/grimma-ac.org\/index.php\/wp-json\/wp\/v2\/pages"}],"about":[{"href":"https:\/\/grimma-ac.org\/index.php\/wp-json\/wp\/v2\/types\/page"}],"author":[{"embeddable":true,"href":"https:\/\/grimma-ac.org\/index.php\/wp-json\/wp\/v2\/users\/1"}],"replies":[{"embeddable":true,"href":"https:\/\/grimma-ac.org\/index.php\/wp-json\/wp\/v2\/comments?post=119"}],"version-history":[{"count":51,"href":"https:\/\/grimma-ac.org\/index.php\/wp-json\/wp\/v2\/pages\/119\/revisions"}],"predecessor-version":[{"id":638,"href":"https:\/\/grimma-ac.org\/index.php\/wp-json\/wp\/v2\/pages\/119\/revisions\/638"}],"wp:attachment":[{"href":"https:\/\/grimma-ac.org\/index.php\/wp-json\/wp\/v2\/media?parent=119"}],"curies":[{"name":"wp","href":"https:\/\/api.w.org\/{rel}","templated":true}]}}