{"id":510,"date":"2025-02-27T18:26:17","date_gmt":"2025-02-27T18:26:17","guid":{"rendered":"https:\/\/grimma-ac.org\/?page_id=510"},"modified":"2025-02-28T15:56:02","modified_gmt":"2025-02-28T15:56:02","slug":"los-cetaceos-de-bahia-de-banderas","status":"publish","type":"page","link":"https:\/\/grimma-ac.org\/index.php\/los-cetaceos-de-bahia-de-banderas\/","title":{"rendered":"Los cet\u00e1ceos de Bah\u00eda de Banderas"},"content":{"rendered":"\t\t<div data-elementor-type=\"wp-page\" data-elementor-id=\"510\" class=\"elementor elementor-510\">\n\t\t\t\t<div class=\"elementor-element elementor-element-252dbe0 e-flex e-con-boxed e-con e-parent\" data-id=\"252dbe0\" data-element_type=\"container\" data-e-type=\"container\">\n\t\t\t\t\t<div class=\"e-con-inner\">\n\t\t\t\t<div class=\"elementor-element elementor-element-5eeea32 elementor-widget elementor-widget-heading\" data-id=\"5eeea32\" data-element_type=\"widget\" data-e-type=\"widget\" data-widget_type=\"heading.default\">\n\t\t\t\t<div class=\"elementor-widget-container\">\n\t\t\t\t\t<h1 class=\"elementor-heading-title elementor-size-default\">Los cet\u00e1ceos de Bah\u00eda de Banderas<\/h1>\t\t\t\t<\/div>\n\t\t\t\t<\/div>\n\t\t\t\t<div class=\"elementor-element elementor-element-6202c9c elementor-align-center elementor-widget elementor-widget-button\" data-id=\"6202c9c\" data-element_type=\"widget\" data-e-type=\"widget\" data-widget_type=\"button.default\">\n\t\t\t\t<div class=\"elementor-widget-container\">\n\t\t\t\t\t\t\t\t\t<div class=\"elementor-button-wrapper\">\n\t\t\t\t\t<a class=\"elementor-button elementor-button-link elementor-size-sm\" href=\"https:\/\/grimma-ac.org\/index.php\/monitoreo-de-mamiferos-marinos\/\">\n\t\t\t\t\t\t<span class=\"elementor-button-content-wrapper\">\n\t\t\t\t\t\t<span class=\"elementor-button-icon\">\n\t\t\t\t<svg xmlns=\"http:\/\/www.w3.org\/2000\/svg\" width=\"800px\" height=\"800px\" viewBox=\"0 0 16 16\" fill=\"none\"><g id=\"SVGRepo_bgCarrier\" stroke-width=\"0\"><\/g><g id=\"SVGRepo_tracerCarrier\" stroke-linecap=\"round\" stroke-linejoin=\"round\"><\/g><g id=\"SVGRepo_iconCarrier\"><path d=\"M5 1H4L0 5L4 9H5V6H11C12.6569 6 14 7.34315 14 9C14 10.6569 12.6569 12 11 12H4V14H11C13.7614 14 16 11.7614 16 9C16 6.23858 13.7614 4 11 4H5V1Z\" fill=\"#ffffff\"><\/path><\/g><\/svg>\t\t\t<\/span>\n\t\t\t\t\t\t\t\t\t<span class=\"elementor-button-text\">Regresar a Monitoreo de Mam\u00edferos Marinos<\/span>\n\t\t\t\t\t<\/span>\n\t\t\t\t\t<\/a>\n\t\t\t\t<\/div>\n\t\t\t\t\t\t\t\t<\/div>\n\t\t\t\t<\/div>\n\t\t\t\t\t<\/div>\n\t\t\t\t<\/div>\n\t\t<div class=\"elementor-element elementor-element-a45de27 e-grid e-con-boxed e-con e-parent\" data-id=\"a45de27\" data-element_type=\"container\" data-e-type=\"container\">\n\t\t\t\t\t<div class=\"e-con-inner\">\n\t\t\t\t<div class=\"elementor-element elementor-element-c9f3d03 elementor-widget elementor-widget-text-editor\" data-id=\"c9f3d03\" data-element_type=\"widget\" data-e-type=\"widget\" data-widget_type=\"text-editor.default\">\n\t\t\t\t<div class=\"elementor-widget-container\">\n\t\t\t\t\t\t\t\t\t<p><span style=\"font-weight: 400;\">La Bah\u00eda de Banderas, es una zona muy diversa en vida marina; de acuerdo a Moncada-Cooley (2005) su ambiente oce\u00e1nico se caracteriza por tener diferentes ambientes relacionados con su profundidad: plataforma continental, talud continental y fosa. Adem\u00e1s, con el conjunto de corrientes marinas que aqu\u00ed convergen, es un sitio ideal para mam\u00edferos marinos como los cet\u00e1ceos.\u00a0<\/span><\/p>\t\t\t\t\t\t\t\t<\/div>\n\t\t\t\t<\/div>\n\t\t\t\t<div class=\"elementor-element elementor-element-30788fb elementor-widget elementor-widget-image\" data-id=\"30788fb\" data-element_type=\"widget\" data-e-type=\"widget\" data-widget_type=\"image.default\">\n\t\t\t\t<div class=\"elementor-widget-container\">\n\t\t\t\t\t\t\t\t\t\t\t\t\t\t\t<img fetchpriority=\"high\" decoding=\"async\" width=\"950\" height=\"610\" src=\"https:\/\/grimma-ac.org\/wp-content\/uploads\/2025\/02\/IJR_0248_edited-1024x657.jpg\" class=\"attachment-large size-large wp-image-527\" alt=\"\" srcset=\"https:\/\/grimma-ac.org\/wp-content\/uploads\/2025\/02\/IJR_0248_edited-1024x657.jpg 1024w, https:\/\/grimma-ac.org\/wp-content\/uploads\/2025\/02\/IJR_0248_edited-300x192.jpg 300w, https:\/\/grimma-ac.org\/wp-content\/uploads\/2025\/02\/IJR_0248_edited-2000x1282.jpg 2000w, https:\/\/grimma-ac.org\/wp-content\/uploads\/2025\/02\/IJR_0248_edited-scaled-1536x985.jpg 1536w, https:\/\/grimma-ac.org\/wp-content\/uploads\/2025\/02\/IJR_0248_edited-scaled-2048x1313.jpg 2048w, https:\/\/grimma-ac.org\/wp-content\/uploads\/2025\/02\/IJR_0248_edited-scaled-600x385.jpg 600w\" sizes=\"100vw\" \/>\t\t\t\t\t\t\t\t\t\t\t\t\t\t\t<\/div>\n\t\t\t\t<\/div>\n\t\t\t\t<div class=\"elementor-element elementor-element-a0367af elementor-widget elementor-widget-image\" data-id=\"a0367af\" data-element_type=\"widget\" data-e-type=\"widget\" data-widget_type=\"image.default\">\n\t\t\t\t<div class=\"elementor-widget-container\">\n\t\t\t\t\t\t\t\t\t\t\t\t\t\t\t<img decoding=\"async\" width=\"950\" height=\"634\" src=\"https:\/\/grimma-ac.org\/wp-content\/uploads\/2025\/02\/IJR_0500-1024x683.jpg\" class=\"attachment-large size-large wp-image-530\" alt=\"\" srcset=\"https:\/\/grimma-ac.org\/wp-content\/uploads\/2025\/02\/IJR_0500-1024x683.jpg 1024w, https:\/\/grimma-ac.org\/wp-content\/uploads\/2025\/02\/IJR_0500-300x200.jpg 300w, https:\/\/grimma-ac.org\/wp-content\/uploads\/2025\/02\/IJR_0500-2000x1335.jpg 2000w, https:\/\/grimma-ac.org\/wp-content\/uploads\/2025\/02\/IJR_0500-scaled-1536x1025.jpg 1536w, https:\/\/grimma-ac.org\/wp-content\/uploads\/2025\/02\/IJR_0500-scaled-2048x1366.jpg 2048w, https:\/\/grimma-ac.org\/wp-content\/uploads\/2025\/02\/IJR_0500-scaled-600x400.jpg 600w, https:\/\/grimma-ac.org\/wp-content\/uploads\/2025\/02\/IJR_0500-scaled-272x182.jpg 272w\" sizes=\"100vw\" \/>\t\t\t\t\t\t\t\t\t\t\t\t\t\t\t<\/div>\n\t\t\t\t<\/div>\n\t\t\t\t<div class=\"elementor-element elementor-element-fb24daa elementor-widget elementor-widget-text-editor\" data-id=\"fb24daa\" data-element_type=\"widget\" data-e-type=\"widget\" data-widget_type=\"text-editor.default\">\n\t\t\t\t<div class=\"elementor-widget-container\">\n\t\t\t\t\t\t\t\t\t<p><span style=\"font-weight: 400;\">Estas especies usan la bah\u00eda como zona de refugio, tr\u00e1nsito, alimentaci\u00f3n, reproducci\u00f3n o crianza y para residir en ella. Desde la d\u00e9cada de los 90\u2019s diversos autores han reportado la presencia de especies de cet\u00e1ceos odontocetos y misticetos, de las familias <em><strong>Delphinidae, Ziphiidae, Kogiidae, Balaenopteridae y Eschrichtiidae.\u00a0<\/strong><\/em><\/span><\/p><p><span style=\"font-weight: 400;\">Por medio de muestreos sistem\u00e1ticos y homog\u00e9neos realizados durante los meses de noviembre a abril entre los a\u00f1os de 2020 al 2023 se lograron identificar las siguientes especies de cet\u00e1ceos:<\/span><\/p>\t\t\t\t\t\t\t\t<\/div>\n\t\t\t\t<\/div>\n\t\t\t\t\t<\/div>\n\t\t\t\t<\/div>\n\t\t<div class=\"elementor-element elementor-element-a330e93 e-flex e-con-boxed e-con e-parent\" data-id=\"a330e93\" data-element_type=\"container\" data-e-type=\"container\">\n\t\t\t\t\t<div class=\"e-con-inner\">\n\t\t\t\t<div class=\"elementor-element elementor-element-0d7427e elementor-widget elementor-widget-text-editor\" data-id=\"0d7427e\" data-element_type=\"widget\" data-e-type=\"widget\" data-widget_type=\"text-editor.default\">\n\t\t\t\t<div class=\"elementor-widget-container\">\n\t\t\t\t\t\t\t\t\t<ol><li style=\"font-weight: 400;\" aria-level=\"1\"><span style=\"font-weight: 400;\">Ballena Jorobada &#8211; <\/span><i><span style=\"font-weight: 400;\">Megaptera novaeangliae<\/span><\/i><span style=\"font-weight: 400;\">\u00a0<\/span><\/li><li style=\"font-weight: 400;\" aria-level=\"1\"><span style=\"font-weight: 400;\">Ballena tropical o sardinera &#8211; <\/span><i><span style=\"font-weight: 400;\">Balaenoptera edeni\u00a0<\/span><\/i><\/li><li><span style=\"font-weight: 400;\">Delf\u00edn Nariz de Botella &#8211; <\/span><i><span style=\"font-weight: 400;\">Toursiops truncatus<\/span><\/i><\/li><li><span style=\"font-weight: 400;\">Orca falsa &#8211; <\/span><i><span style=\"font-weight: 400;\">Pseudorca crassidens\u00a0<\/span><\/i><\/li><li><span style=\"font-weight: 400;\">Orca &#8211;<\/span><i><span style=\"font-weight: 400;\"> Orcinus orca<\/span><\/i><\/li><li><span style=\"font-weight: 400;\">Delf\u00edn moteado &#8211; <\/span><i><span style=\"font-weight: 400;\">Stenella attenuata<\/span><\/i><\/li><li><span style=\"font-weight: 400;\">Delf\u00edn de dientes rugosos &#8211; <\/span><i><span style=\"font-weight: 400;\">Steno bredanensis<\/span><\/i><\/li><li><span style=\"font-weight: 400;\">Cachalote enano &#8211; <\/span><i><span style=\"font-weight: 400;\">Kogia sima<\/span><\/i><\/li><li><span style=\"font-weight: 400;\">Cachalote pigmeo &#8211; <\/span><i><span style=\"font-weight: 400;\">Kogia breviceps<\/span><\/i><i><\/i><\/li><li><span style=\"font-weight: 400;\">Zifio de Cuvier &#8211; <\/span><i><span style=\"font-weight: 400;\">Ziphio cavirrostris<\/span><\/i><\/li><\/ol>\t\t\t\t\t\t\t\t<\/div>\n\t\t\t\t<\/div>\n\t\t\t\t\t<\/div>\n\t\t\t\t<\/div>\n\t\t<div class=\"elementor-element elementor-element-bdfb7f0 e-flex e-con-boxed e-con e-parent\" data-id=\"bdfb7f0\" data-element_type=\"container\" data-e-type=\"container\">\n\t\t\t\t\t<div class=\"e-con-inner\">\n\t\t<div class=\"elementor-element elementor-element-a078be0 e-con-full e-flex e-con e-child\" data-id=\"a078be0\" data-element_type=\"container\" data-e-type=\"container\">\n\t\t\t\t<div class=\"elementor-element elementor-element-0ba6cca elementor-widget elementor-widget-text-editor\" data-id=\"0ba6cca\" data-element_type=\"widget\" data-e-type=\"widget\" data-widget_type=\"text-editor.default\">\n\t\t\t\t<div class=\"elementor-widget-container\">\n\t\t\t\t\t\t\t\t\t<p><span style=\"font-weight: 400;\">Tambi\u00e9n se registr\u00f3 la presencia de otros organismos de la familia <em><strong>Ziphiidae<\/strong> <\/em>que no fue posible identificarlos a nivel especie. Mediante el apoyo de la ciudadan\u00eda, recibimos informaci\u00f3n por parte del personal operativo de embarcaciones tur\u00edsticas de la bah\u00eda, sobre la presencia de algunas especies de cet\u00e1ceos que no registramos en nuestros muestreos, tal es el caso del <strong>delf\u00edn tornillo, <\/strong><\/span><strong><i>Stenella longirostris<\/i> y el delf\u00edn com\u00fan, <i>Delphinus sp<\/i>.<\/strong><\/p>\t\t\t\t\t\t\t\t<\/div>\n\t\t\t\t<\/div>\n\t\t\t\t<\/div>\n\t\t<div class=\"elementor-element elementor-element-2000407 e-con-full e-flex e-con e-child\" data-id=\"2000407\" data-element_type=\"container\" data-e-type=\"container\">\n\t\t\t\t<div class=\"elementor-element elementor-element-7afc23f elementor-widget elementor-widget-image\" data-id=\"7afc23f\" data-element_type=\"widget\" data-e-type=\"widget\" data-widget_type=\"image.default\">\n\t\t\t\t<div class=\"elementor-widget-container\">\n\t\t\t\t\t\t\t\t\t\t\t\t\t\t\t<img decoding=\"async\" width=\"950\" height=\"541\" src=\"https:\/\/grimma-ac.org\/wp-content\/uploads\/2025\/02\/orca-1024x583.jpg\" class=\"attachment-large size-large wp-image-528\" alt=\"\" srcset=\"https:\/\/grimma-ac.org\/wp-content\/uploads\/2025\/02\/orca-1024x583.jpg 1024w, https:\/\/grimma-ac.org\/wp-content\/uploads\/2025\/02\/orca-300x171.jpg 300w, https:\/\/grimma-ac.org\/wp-content\/uploads\/2025\/02\/orca-2000x1138.jpg 2000w, https:\/\/grimma-ac.org\/wp-content\/uploads\/2025\/02\/orca-scaled-1536x874.jpg 1536w, https:\/\/grimma-ac.org\/wp-content\/uploads\/2025\/02\/orca-scaled-2048x1166.jpg 2048w, https:\/\/grimma-ac.org\/wp-content\/uploads\/2025\/02\/orca-scaled-600x341.jpg 600w\" sizes=\"100vw\" \/>\t\t\t\t\t\t\t\t\t\t\t\t\t\t\t<\/div>\n\t\t\t\t<\/div>\n\t\t\t\t<\/div>\n\t\t\t\t\t<\/div>\n\t\t\t\t<\/div>\n\t\t<div class=\"elementor-element elementor-element-fc4a87f e-flex e-con-boxed e-con e-parent\" data-id=\"fc4a87f\" data-element_type=\"container\" data-e-type=\"container\">\n\t\t\t\t\t<div class=\"e-con-inner\">\n\t\t\t\t<div class=\"elementor-element elementor-element-dc74e8f elementor-widget elementor-widget-text-editor\" data-id=\"dc74e8f\" data-element_type=\"widget\" data-e-type=\"widget\" data-widget_type=\"text-editor.default\">\n\t\t\t\t<div class=\"elementor-widget-container\">\n\t\t\t\t\t\t\t\t\t<p><span style=\"font-weight: 400;\">Algunas de estas especies son migratorias como la ballena jorobada, otras son residentes ocasionales como la orca, la ballena tropical, la orca falsa, los delfines moteados y de dientes rugosos; por su parte las especies de familia Kogiidae y Ziphiidae se asume que residen todo el a\u00f1o ya que se les ha registrado con cr\u00edas y en trabajos previos se han visto en varias \u00e9pocas del a\u00f1o.<\/span><\/p><p><span style=\"font-weight: 400;\">Con la informaci\u00f3n recabada de los muestreos, la de ciencia ciudadana y los registros hist\u00f3ricos se realizaron infograf\u00edas de las especies de cet\u00e1ceos que se pueden ver en la Bah\u00eda de Banderas, estas las puedes consultar en las <\/span><strong>im\u00e1genes inferiores y descargar en el siguiente link<\/strong><span style=\"font-weight: 400;\"><strong>.<\/strong> La informaci\u00f3n contenida en ellas te ayudar\u00e1 a identificarlos mientras navegas en el mar y adem\u00e1s trae informaci\u00f3n relevante para conocer m\u00e1s sobre las especies.\u00a0<\/span><\/p><p><span style=\"font-weight: 400;\">Gracias a <\/span><span style=\"font-weight: 400;\"><a href=\"https:\/\/www.fundacionpuntademita.org\/\">La Fundaci\u00f3n Punta de Mita<\/a>, <a href=\"https:\/\/fundacionalasdeaguila.org\/\">Fundaci\u00f3n Alas de \u00c1guila<\/a> y <a href=\"https:\/\/www.rufford.org\/\">The Roufford Fundation<\/a> <\/span><span style=\"font-weight: 400;\">por el apoyo econ\u00f3mico brindado para la realizaci\u00f3n de los monitoreos marinos.<\/span><\/p>\t\t\t\t\t\t\t\t<\/div>\n\t\t\t\t<\/div>\n\t\t\t\t\t<\/div>\n\t\t\t\t<\/div>\n\t\t\t\t<\/div>\n\t\t","protected":false},"excerpt":{"rendered":"<p>Los cet\u00e1ceos de Bah\u00eda de Banderas Regresar a Monitoreo de Mam\u00edferos Marinos La Bah\u00eda de Banderas, es una zona muy diversa en vida marina; de acuerdo a Moncada-Cooley (2005) su ambiente oce\u00e1nico se caracteriza por tener diferentes ambientes relacionados con su profundidad: plataforma continental, talud continental y fosa. Adem\u00e1s, con el conjunto de corrientes marinas &hellip; <\/p>\n<p class=\"link-more\"><a href=\"https:\/\/grimma-ac.org\/index.php\/los-cetaceos-de-bahia-de-banderas\/\" class=\"more-link\">Leer m\u00e1s<span class=\"screen-reader-text\"> \u00abLos cet\u00e1ceos de Bah\u00eda de Banderas\u00bb<\/span><\/a><\/p>\n","protected":false},"author":1,"featured_media":0,"parent":0,"menu_order":0,"comment_status":"closed","ping_status":"closed","template":"","meta":{"footnotes":""},"class_list":["post-510","page","type-page","status-publish","hentry"],"yoast_head":"<!-- This site is optimized with the Yoast SEO plugin v27.5 - https:\/\/yoast.com\/product\/yoast-seo-wordpress\/ -->\n<title>Los cet\u00e1ceos de Bah\u00eda de Banderas - Grimma A. C.<\/title>\n<meta name=\"description\" content=\"La Bah\u00eda de Banderas, es una zona muy diversa en vida marina; de acuerdo a Moncada-Cooley (2005) su ambiente oce\u00e1nico se caracteriza por tener diferentes ambientes relacionados con su profundidad.\" \/>\n<meta name=\"robots\" content=\"index, follow, max-snippet:-1, max-image-preview:large, max-video-preview:-1\" \/>\n<link rel=\"canonical\" href=\"https:\/\/grimma-ac.org\/index.php\/los-cetaceos-de-bahia-de-banderas\/\" \/>\n<meta property=\"og:locale\" content=\"es_ES\" \/>\n<meta property=\"og:type\" content=\"article\" \/>\n<meta property=\"og:title\" content=\"Los cet\u00e1ceos de Bah\u00eda de Banderas - Grimma A. C.\" \/>\n<meta property=\"og:description\" content=\"La Bah\u00eda de Banderas, es una zona muy diversa en vida marina; de acuerdo a Moncada-Cooley (2005) su ambiente oce\u00e1nico se caracteriza por tener diferentes ambientes relacionados con su profundidad.\" \/>\n<meta property=\"og:url\" content=\"https:\/\/grimma-ac.org\/index.php\/los-cetaceos-de-bahia-de-banderas\/\" \/>\n<meta property=\"og:site_name\" content=\"Grimma A. C.\" \/>\n<meta property=\"article:modified_time\" content=\"2025-02-28T15:56:02+00:00\" \/>\n<meta property=\"og:image\" content=\"https:\/\/grimma-ac.org\/wp-content\/uploads\/2025\/02\/IJR_0248_edited-scaled.jpg\" \/>\n\t<meta property=\"og:image:width\" content=\"2560\" \/>\n\t<meta property=\"og:image:height\" content=\"1641\" \/>\n\t<meta property=\"og:image:type\" content=\"image\/jpeg\" \/>\n<meta name=\"twitter:card\" content=\"summary_large_image\" \/>\n<meta name=\"twitter:label1\" content=\"Tiempo de lectura\" \/>\n\t<meta name=\"twitter:data1\" content=\"3 minutos\" \/>\n<script type=\"application\/ld+json\" class=\"yoast-schema-graph\">{\"@context\":\"https:\\\/\\\/schema.org\",\"@graph\":[{\"@type\":\"WebPage\",\"@id\":\"https:\\\/\\\/grimma-ac.org\\\/index.php\\\/los-cetaceos-de-bahia-de-banderas\\\/\",\"url\":\"https:\\\/\\\/grimma-ac.org\\\/index.php\\\/los-cetaceos-de-bahia-de-banderas\\\/\",\"name\":\"Los cet\u00e1ceos de Bah\u00eda de Banderas - Grimma A. C.\",\"isPartOf\":{\"@id\":\"https:\\\/\\\/grimma-ac.org\\\/#website\"},\"primaryImageOfPage\":{\"@id\":\"https:\\\/\\\/grimma-ac.org\\\/index.php\\\/los-cetaceos-de-bahia-de-banderas\\\/#primaryimage\"},\"image\":{\"@id\":\"https:\\\/\\\/grimma-ac.org\\\/index.php\\\/los-cetaceos-de-bahia-de-banderas\\\/#primaryimage\"},\"thumbnailUrl\":\"https:\\\/\\\/grimma-ac.org\\\/wp-content\\\/uploads\\\/2025\\\/02\\\/IJR_0248_edited-1024x657.jpg\",\"datePublished\":\"2025-02-27T18:26:17+00:00\",\"dateModified\":\"2025-02-28T15:56:02+00:00\",\"description\":\"La Bah\u00eda de Banderas, es una zona muy diversa en vida marina; de acuerdo a Moncada-Cooley (2005) su ambiente oce\u00e1nico se caracteriza por tener diferentes ambientes relacionados con su profundidad.\",\"breadcrumb\":{\"@id\":\"https:\\\/\\\/grimma-ac.org\\\/index.php\\\/los-cetaceos-de-bahia-de-banderas\\\/#breadcrumb\"},\"inLanguage\":\"es\",\"potentialAction\":[{\"@type\":\"ReadAction\",\"target\":[\"https:\\\/\\\/grimma-ac.org\\\/index.php\\\/los-cetaceos-de-bahia-de-banderas\\\/\"]}]},{\"@type\":\"ImageObject\",\"inLanguage\":\"es\",\"@id\":\"https:\\\/\\\/grimma-ac.org\\\/index.php\\\/los-cetaceos-de-bahia-de-banderas\\\/#primaryimage\",\"url\":\"https:\\\/\\\/grimma-ac.org\\\/wp-content\\\/uploads\\\/2025\\\/02\\\/IJR_0248_edited-scaled.jpg\",\"contentUrl\":\"https:\\\/\\\/grimma-ac.org\\\/wp-content\\\/uploads\\\/2025\\\/02\\\/IJR_0248_edited-scaled.jpg\",\"width\":2560,\"height\":1641},{\"@type\":\"BreadcrumbList\",\"@id\":\"https:\\\/\\\/grimma-ac.org\\\/index.php\\\/los-cetaceos-de-bahia-de-banderas\\\/#breadcrumb\",\"itemListElement\":[{\"@type\":\"ListItem\",\"position\":1,\"name\":\"Portada\",\"item\":\"https:\\\/\\\/grimma-ac.org\\\/\"},{\"@type\":\"ListItem\",\"position\":2,\"name\":\"Los cet\u00e1ceos de Bah\u00eda de Banderas\"}]},{\"@type\":\"WebSite\",\"@id\":\"https:\\\/\\\/grimma-ac.org\\\/#website\",\"url\":\"https:\\\/\\\/grimma-ac.org\\\/\",\"name\":\"Grimma A. C.\",\"description\":\"Grupo de Investigaci\u00f3n de Mam\u00edferos Marinos A. C.\",\"publisher\":{\"@id\":\"https:\\\/\\\/grimma-ac.org\\\/#organization\"},\"potentialAction\":[{\"@type\":\"SearchAction\",\"target\":{\"@type\":\"EntryPoint\",\"urlTemplate\":\"https:\\\/\\\/grimma-ac.org\\\/?s={search_term_string}\"},\"query-input\":{\"@type\":\"PropertyValueSpecification\",\"valueRequired\":true,\"valueName\":\"search_term_string\"}}],\"inLanguage\":\"es\"},{\"@type\":\"Organization\",\"@id\":\"https:\\\/\\\/grimma-ac.org\\\/#organization\",\"name\":\"Grimma A. C.\",\"url\":\"https:\\\/\\\/grimma-ac.org\\\/\",\"logo\":{\"@type\":\"ImageObject\",\"inLanguage\":\"es\",\"@id\":\"https:\\\/\\\/grimma-ac.org\\\/#\\\/schema\\\/logo\\\/image\\\/\",\"url\":\"https:\\\/\\\/grimma-ac.org\\\/wp-content\\\/uploads\\\/2025\\\/05\\\/Artboard-3-copy-3.png\",\"contentUrl\":\"https:\\\/\\\/grimma-ac.org\\\/wp-content\\\/uploads\\\/2025\\\/05\\\/Artboard-3-copy-3.png\",\"width\":1501,\"height\":1505,\"caption\":\"Grimma A. C.\"},\"image\":{\"@id\":\"https:\\\/\\\/grimma-ac.org\\\/#\\\/schema\\\/logo\\\/image\\\/\"}}]}<\/script>\n<!-- \/ Yoast SEO plugin. -->","yoast_head_json":{"title":"Los cet\u00e1ceos de Bah\u00eda de Banderas - Grimma A. C.","description":"La Bah\u00eda de Banderas, es una zona muy diversa en vida marina; de acuerdo a Moncada-Cooley (2005) su ambiente oce\u00e1nico se caracteriza por tener diferentes ambientes relacionados con su profundidad.","robots":{"index":"index","follow":"follow","max-snippet":"max-snippet:-1","max-image-preview":"max-image-preview:large","max-video-preview":"max-video-preview:-1"},"canonical":"https:\/\/grimma-ac.org\/index.php\/los-cetaceos-de-bahia-de-banderas\/","og_locale":"es_ES","og_type":"article","og_title":"Los cet\u00e1ceos de Bah\u00eda de Banderas - Grimma A. C.","og_description":"La Bah\u00eda de Banderas, es una zona muy diversa en vida marina; de acuerdo a Moncada-Cooley (2005) su ambiente oce\u00e1nico se caracteriza por tener diferentes ambientes relacionados con su profundidad.","og_url":"https:\/\/grimma-ac.org\/index.php\/los-cetaceos-de-bahia-de-banderas\/","og_site_name":"Grimma A. C.","article_modified_time":"2025-02-28T15:56:02+00:00","og_image":[{"width":2560,"height":1641,"url":"https:\/\/grimma-ac.org\/wp-content\/uploads\/2025\/02\/IJR_0248_edited-scaled.jpg","type":"image\/jpeg"}],"twitter_card":"summary_large_image","twitter_misc":{"Tiempo de lectura":"3 minutos"},"schema":{"@context":"https:\/\/schema.org","@graph":[{"@type":"WebPage","@id":"https:\/\/grimma-ac.org\/index.php\/los-cetaceos-de-bahia-de-banderas\/","url":"https:\/\/grimma-ac.org\/index.php\/los-cetaceos-de-bahia-de-banderas\/","name":"Los cet\u00e1ceos de Bah\u00eda de Banderas - Grimma A. C.","isPartOf":{"@id":"https:\/\/grimma-ac.org\/#website"},"primaryImageOfPage":{"@id":"https:\/\/grimma-ac.org\/index.php\/los-cetaceos-de-bahia-de-banderas\/#primaryimage"},"image":{"@id":"https:\/\/grimma-ac.org\/index.php\/los-cetaceos-de-bahia-de-banderas\/#primaryimage"},"thumbnailUrl":"https:\/\/grimma-ac.org\/wp-content\/uploads\/2025\/02\/IJR_0248_edited-1024x657.jpg","datePublished":"2025-02-27T18:26:17+00:00","dateModified":"2025-02-28T15:56:02+00:00","description":"La Bah\u00eda de Banderas, es una zona muy diversa en vida marina; de acuerdo a Moncada-Cooley (2005) su ambiente oce\u00e1nico se caracteriza por tener diferentes ambientes relacionados con su profundidad.","breadcrumb":{"@id":"https:\/\/grimma-ac.org\/index.php\/los-cetaceos-de-bahia-de-banderas\/#breadcrumb"},"inLanguage":"es","potentialAction":[{"@type":"ReadAction","target":["https:\/\/grimma-ac.org\/index.php\/los-cetaceos-de-bahia-de-banderas\/"]}]},{"@type":"ImageObject","inLanguage":"es","@id":"https:\/\/grimma-ac.org\/index.php\/los-cetaceos-de-bahia-de-banderas\/#primaryimage","url":"https:\/\/grimma-ac.org\/wp-content\/uploads\/2025\/02\/IJR_0248_edited-scaled.jpg","contentUrl":"https:\/\/grimma-ac.org\/wp-content\/uploads\/2025\/02\/IJR_0248_edited-scaled.jpg","width":2560,"height":1641},{"@type":"BreadcrumbList","@id":"https:\/\/grimma-ac.org\/index.php\/los-cetaceos-de-bahia-de-banderas\/#breadcrumb","itemListElement":[{"@type":"ListItem","position":1,"name":"Portada","item":"https:\/\/grimma-ac.org\/"},{"@type":"ListItem","position":2,"name":"Los cet\u00e1ceos de Bah\u00eda de Banderas"}]},{"@type":"WebSite","@id":"https:\/\/grimma-ac.org\/#website","url":"https:\/\/grimma-ac.org\/","name":"Grimma A. C.","description":"Grupo de Investigaci\u00f3n de Mam\u00edferos Marinos A. C.","publisher":{"@id":"https:\/\/grimma-ac.org\/#organization"},"potentialAction":[{"@type":"SearchAction","target":{"@type":"EntryPoint","urlTemplate":"https:\/\/grimma-ac.org\/?s={search_term_string}"},"query-input":{"@type":"PropertyValueSpecification","valueRequired":true,"valueName":"search_term_string"}}],"inLanguage":"es"},{"@type":"Organization","@id":"https:\/\/grimma-ac.org\/#organization","name":"Grimma A. C.","url":"https:\/\/grimma-ac.org\/","logo":{"@type":"ImageObject","inLanguage":"es","@id":"https:\/\/grimma-ac.org\/#\/schema\/logo\/image\/","url":"https:\/\/grimma-ac.org\/wp-content\/uploads\/2025\/05\/Artboard-3-copy-3.png","contentUrl":"https:\/\/grimma-ac.org\/wp-content\/uploads\/2025\/05\/Artboard-3-copy-3.png","width":1501,"height":1505,"caption":"Grimma A. C."},"image":{"@id":"https:\/\/grimma-ac.org\/#\/schema\/logo\/image\/"}}]}},"_links":{"self":[{"href":"https:\/\/grimma-ac.org\/index.php\/wp-json\/wp\/v2\/pages\/510","targetHints":{"allow":["GET"]}}],"collection":[{"href":"https:\/\/grimma-ac.org\/index.php\/wp-json\/wp\/v2\/pages"}],"about":[{"href":"https:\/\/grimma-ac.org\/index.php\/wp-json\/wp\/v2\/types\/page"}],"author":[{"embeddable":true,"href":"https:\/\/grimma-ac.org\/index.php\/wp-json\/wp\/v2\/users\/1"}],"replies":[{"embeddable":true,"href":"https:\/\/grimma-ac.org\/index.php\/wp-json\/wp\/v2\/comments?post=510"}],"version-history":[{"count":28,"href":"https:\/\/grimma-ac.org\/index.php\/wp-json\/wp\/v2\/pages\/510\/revisions"}],"predecessor-version":[{"id":629,"href":"https:\/\/grimma-ac.org\/index.php\/wp-json\/wp\/v2\/pages\/510\/revisions\/629"}],"wp:attachment":[{"href":"https:\/\/grimma-ac.org\/index.php\/wp-json\/wp\/v2\/media?parent=510"}],"curies":[{"name":"wp","href":"https:\/\/api.w.org\/{rel}","templated":true}]}}